{"id":171,"date":"2023-06-21T10:55:26","date_gmt":"2023-06-21T08:55:26","guid":{"rendered":"https:\/\/pilz-magazine.com\/de\/?page_id=171"},"modified":"2023-07-21T16:41:32","modified_gmt":"2023-07-21T14:41:32","slug":"verpackungstechnik","status":"publish","type":"page","link":"https:\/\/pilz-magazine.com\/de\/sichere-automation\/verpackungstechnik\/","title":{"rendered":"Verpa\u00adckungs\u00adtechnik"},"content":{"rendered":"\n<div class=\"wp-block-group alignwide is-layout-constrained wp-block-group-is-layout-constrained\">\n<p class=\"has-text-align-center\">Sicher ab in den Karton: Auf dem Weg von der Prim\u00e4r- \u00fcber die Sekund\u00e4r- bis zur Endver\u00adpa\u00adckung bieten Sensorik, Steue\u00adrungs\u00adtechnik, aber auch L\u00f6sungen aus dem Bereich Bedienen und Beob\u00adachten von Pilz Schutz f\u00fcr Anla\u00adgen\u00adbe\u00addiener &amp; Co. \u2013 f\u00fcr mehr Produk\u00adti\u00advit\u00e4t!<\/p>\n<\/div>\n","protected":false},"excerpt":{"rendered":"<p>Sicher ab in den Karton: Auf dem Weg von der Prim\u00e4r- \u00fcber die Sekund\u00e4r- bis zur Endver\u00adpa\u00adckung bieten Sensorik, Steue\u00adrungs\u00adtechnik, aber auch L\u00f6sungen aus dem Bereich Bedienen und\u2026<\/p>\n","protected":false},"author":25,"featured_media":0,"parent":150,"menu_order":12,"comment_status":"closed","ping_status":"closed","template":"page-posts-for-category.php","meta":{"_acf_changed":false,"wp_typography_post_enhancements_disabled":false,"footnotes":""},"categories":[],"class_list":["post-171","page","type-page","status-publish","has-post-thumbnail","hentry"],"acf":[],"_links":{"self":[{"href":"https:\/\/pilz-magazine.com\/de\/wp-json\/wp\/v2\/pages\/171","targetHints":{"allow":["GET"]}}],"collection":[{"href":"https:\/\/pilz-magazine.com\/de\/wp-json\/wp\/v2\/pages"}],"about":[{"href":"https:\/\/pilz-magazine.com\/de\/wp-json\/wp\/v2\/types\/page"}],"author":[{"embeddable":true,"href":"https:\/\/pilz-magazine.com\/de\/wp-json\/wp\/v2\/users\/25"}],"replies":[{"embeddable":true,"href":"https:\/\/pilz-magazine.com\/de\/wp-json\/wp\/v2\/comments?post=171"}],"version-history":[{"count":4,"href":"https:\/\/pilz-magazine.com\/de\/wp-json\/wp\/v2\/pages\/171\/revisions"}],"predecessor-version":[{"id":1256,"href":"https:\/\/pilz-magazine.com\/de\/wp-json\/wp\/v2\/pages\/171\/revisions\/1256"}],"up":[{"embeddable":true,"href":"https:\/\/pilz-magazine.com\/de\/wp-json\/wp\/v2\/pages\/150"}],"wp:attachment":[{"href":"https:\/\/pilz-magazine.com\/de\/wp-json\/wp\/v2\/media?parent=171"}],"wp:term":[{"taxonomy":"category","embeddable":true,"href":"https:\/\/pilz-magazine.com\/de\/wp-json\/wp\/v2\/categories?post=171"}],"curies":[{"name":"wp","href":"https:\/\/api.w.org\/{rel}","templated":true}]}}