{"id":1171,"date":"2023-07-11T10:03:28","date_gmt":"2023-07-11T08:03:28","guid":{"rendered":"https:\/\/pilz-magazine.com\/de\/?page_id=1171"},"modified":"2023-08-23T15:24:20","modified_gmt":"2023-08-23T13:24:20","slug":"rechtliche-hinweise","status":"publish","type":"page","link":"https:\/\/pilz-magazine.com\/de\/rechtliche-hinweise\/","title":{"rendered":"Recht\u00adliche Hinweise"},"content":{"rendered":"\n<h2 class=\"wp-block-heading\">Urhe\u00adber\u00adrecht<\/h2>\n\n\n\n<p>S\u00e4mt\u00adliche Bilder, Graphiken, Texte, Ton\u2011, Video- und Anima\u00adti\u00adons\u00adda\u00adteien dieser Webseite unter\u00adliegen dem Urhe\u00adber\u00adrecht bzw. anderen Gesetzen zum Schutz geis\u00adtigen Eigen\u00adtums. Eine Verviel\u00adf\u00e4l\u00adti\u00adgung, Ver\u00e4n\u00adde\u00adrung oder Verwen\u00addung in anderen elek\u00adtro\u00adni\u00adschen oder gedruckten Publi\u00adka\u00adtionen ist ohne ausdr\u00fcck\u00adliche Zustim\u00admung der Pilz GmbH &amp; Co. KG nicht gestattet.<\/p>\n\n\n\n<h2 class=\"wp-block-heading\">Einge\u00adtra\u00adgene Waren\u00adzei\u00adchen (Trade\u00admarks)<\/h2>\n\n\n\n<p>CECE\u00ae, CHRE\u00ae, CMSE\u00ae, Indu\u00adraNET p\u00ae, Lean\u00adsafe\u00ae, Master of Safety\u00ae, Master of Security\u00ae, PAS4000\u00ae, PAScal\u00ae, PASconfig\u00ae, Pilz\u00ae, PIT\u00ae, PLID\u00ae, PMCprimo\u00ae, PMCpro\u00adtego\u00ae, PMCtendo\u00ae, PMD\u00ae, PMI\u00ae, PNOZ\u00ae, PRBT\u00ae, PRCM\u00ae, Primo\u00ae, PRTM\u00ae, PSEN\u00ae, PSS\u00ae, PVIS\u00ae, Safe\u00adtyBUS p\u00ae, Safe\u00adtyEYE\u00ae, Safe\u00adtyNET p\u00ae, the spirit of safety\u00ae sind in einigen L\u00e4ndern amtlich regis\u00adtrierte und gesch\u00fctzte Marken der Pilz GmbH &amp; Co. KG.<\/p>\n\n\n\n<p>Da Text und Bild in diesem Portal ledig\u00adlich der Beschrei\u00adbung und Veran\u00adschau\u00adli\u00adchung dienen, k\u00f6nnen wir f\u00fcr etwaige Fehler keine Haftung \u00fcber\u00adnehmen.<\/p>\n\n\n\n<h2 class=\"wp-block-heading\">Haftungs\u00adaus\u00adschluss<\/h2>\n\n\n\n<h2 class=\"wp-block-heading\">Inhalt der Kunden\u00adzei\u00adtung<\/h2>\n\n\n\n<p>Pilz GmbH &amp; Co. KG \u00fcber\u00adnimmt keinerlei Gew\u00e4hr f\u00fcr die Aktua\u00adlit\u00e4t, Korrekt\u00adheit, Voll\u00adst\u00e4n\u00addig\u00adkeit oder Qualit\u00e4t der bereit\u00adge\u00adstellten Infor\u00adma\u00adtionen. Haftungs\u00adan\u00adspr\u00fcche gegen Pilz GmbH &amp; Co. KG, die sich auf Sch\u00e4den mate\u00adri\u00adeller oder ideeller Art beziehen, welche durch die Nutzung oder Nicht\u00adnut\u00adzung der darge\u00adbo\u00adtenen Infor\u00adma\u00adtionen bzw. durch die Nutzung fehler\u00adhafter und unvoll\u00adst\u00e4n\u00addiger Infor\u00adma\u00adtionen verur\u00adsacht wurden, sind grund\u00ads\u00e4tz\u00adlich ausge\u00adschlossen, sofern seitens von Pilz GmbH &amp; Co. KG kein nach\u00adweis\u00adlich vors\u00e4tz\u00adli\u00adches oder grob fahr\u00adl\u00e4s\u00adsiges Verschulden vorliegt.<\/p>\n\n\n\n<p>Alle Inhalte sind frei\u00adblei\u00adbend und unver\u00adbind\u00adlich. Pilz GmbH &amp; Co. KG beh\u00e4lt es sich ausdr\u00fcck\u00adlich vor, Teile der Kunden\u00adzei\u00adtung oder den gesamten Inhalt ohne geson\u00adderte Ank\u00fcn\u00addi\u00adgung zu ver\u00e4n\u00addern, zu erg\u00e4nzen, zu l\u00f6schen oder die Ver\u00f6f\u00adfent\u00adli\u00adchung zeit\u00adweise oder endg\u00fcltig einzu\u00adstellen.<\/p>\n\n\n\n<h2 class=\"wp-block-heading\">Links<\/h2>\n\n\n\n<p>F\u00fcr andere Websites, zu denen Sie \u00fcber Links auf der Pilz Kunden\u00adzei\u00adtung kommen k\u00f6nnen, \u00fcber\u00adnehmen wir f\u00fcr die Gew\u00e4h\u00adrung des Daten\u00adschutzes und auch f\u00fcr den Inhalt keinerlei Verant\u00adwor\u00adtung.<\/p>\n\n\n\n<h2 class=\"wp-block-heading\">Daten\u00adschutz<\/h2>\n\n\n\n<p>Perso\u00adnen\u00adbe\u00adzo\u00adgene Daten, wie Namen, Adressen und Tele\u00adfon\u00adnum\u00admern, aber auch die E\u2011Mail-Adressen von Personen unter\u00adliegen beson\u00adderen Gesetzen zum Daten\u00adschutz und zur Daten\u00adsi\u00adcher\u00adheit. Detail\u00adlier\u00adtere Infor\u00adma\u00adtionen entnehmen Sie bitte der <a href=\"https:\/\/pilz-magazine.com\/de\/datenschutz\/\" target=\"_blank\" rel=\"noreferrer noopener\">Rubrik Daten\u00adschutz<\/a>.<\/p>\n\n\n\n<p>Pilz GmbH &amp; Co. KG trifft tech\u00adni\u00adsche und orga\u00adni\u00adsa\u00adto\u00adri\u00adsche Sicher\u00adheits\u00adma\u00df\u00adnahmen, um Ihre perso\u00adnen\u00adbe\u00adzo\u00adgenen Daten gegen unbe\u00adab\u00adsich\u00adtigte oder unrecht\u00adm\u00e4\u00ad\u00dfige L\u00f6schung, Ver\u00e4n\u00adde\u00adrung oder gegen Verlust und gegen unbe\u00adrech\u00adtigte Weiter\u00adgabe oder unbe\u00adrech\u00adtigten Zugriff zu sch\u00fctzen.<\/p>\n","protected":false},"excerpt":{"rendered":"<p>Urhe\u00adber\u00adrecht S\u00e4mt\u00adliche Bilder, Graphiken, Texte, Ton\u2011, Video- und Anima\u00adti\u00adons\u00adda\u00adteien dieser Webseite unter\u00adliegen dem Urhe\u00adber\u00adrecht bzw. anderen Gesetzen zum Schutz geis\u00adtigen Eigen\u00adtums. Eine Verviel\u00adf\u00e4l\u00adti\u00adgung, Ver\u00e4n\u00adde\u00adrung oder Verwen\u00addung in anderen\u2026<\/p>\n","protected":false},"author":1,"featured_media":0,"parent":0,"menu_order":100,"comment_status":"closed","ping_status":"closed","template":"","meta":{"_acf_changed":false,"wp_typography_post_enhancements_disabled":false,"footnotes":""},"categories":[],"class_list":["post-1171","page","type-page","status-publish","has-post-thumbnail","hentry"],"acf":[],"_links":{"self":[{"href":"https:\/\/pilz-magazine.com\/de\/wp-json\/wp\/v2\/pages\/1171","targetHints":{"allow":["GET"]}}],"collection":[{"href":"https:\/\/pilz-magazine.com\/de\/wp-json\/wp\/v2\/pages"}],"about":[{"href":"https:\/\/pilz-magazine.com\/de\/wp-json\/wp\/v2\/types\/page"}],"author":[{"embeddable":true,"href":"https:\/\/pilz-magazine.com\/de\/wp-json\/wp\/v2\/users\/1"}],"replies":[{"embeddable":true,"href":"https:\/\/pilz-magazine.com\/de\/wp-json\/wp\/v2\/comments?post=1171"}],"version-history":[{"count":11,"href":"https:\/\/pilz-magazine.com\/de\/wp-json\/wp\/v2\/pages\/1171\/revisions"}],"predecessor-version":[{"id":2228,"href":"https:\/\/pilz-magazine.com\/de\/wp-json\/wp\/v2\/pages\/1171\/revisions\/2228"}],"wp:attachment":[{"href":"https:\/\/pilz-magazine.com\/de\/wp-json\/wp\/v2\/media?parent=1171"}],"wp:term":[{"taxonomy":"category","embeddable":true,"href":"https:\/\/pilz-magazine.com\/de\/wp-json\/wp\/v2\/categories?post=1171"}],"curies":[{"name":"wp","href":"https:\/\/api.w.org\/{rel}","templated":true}]}}